{"id":123,"date":"2019-07-08T18:26:21","date_gmt":"2019-07-08T16:26:21","guid":{"rendered":"http:\/\/jacquesreverchon.fr\/?page_id=123"},"modified":"2019-08-05T23:11:34","modified_gmt":"2019-08-05T21:11:34","slug":"huiles","status":"publish","type":"page","link":"http:\/\/jacquesreverchon.fr\/index.php\/loeuvre\/huiles\/","title":{"rendered":"Huiles"},"content":{"rendered":"<p>Jacques Reverchon a peint de nombreuses natures mortes, des paysages et des portraits<\/p>\n<div class=\"su-custom-gallery su-custom-gallery-title-always\"><div class=\"su-custom-gallery-slide\"><a href=\"http:\/\/jacquesreverchon.fr\/wp-content\/uploads\/Espagne-La-garde-civile.jpg\" title=\"Espagne, La garde civile\"><img loading=\"lazy\" decoding=\"async\" src=\"http:\/\/jacquesreverchon.fr\/wp-content\/uploads\/Espagne-La-garde-civile-150x220.jpg\" alt=\"Espagne, La garde civile\" width=\"150\" height=\"220\" \/><span class=\"su-custom-gallery-title\">Espagne, La garde civile<\/span><\/a><\/div><div class=\"su-custom-gallery-slide\"><a href=\"http:\/\/jacquesreverchon.fr\/wp-content\/uploads\/Espagne-ifs.jpg\" title=\"Espagne, ifs\"><img loading=\"lazy\" decoding=\"async\" src=\"http:\/\/jacquesreverchon.fr\/wp-content\/uploads\/Espagne-ifs-150x220.jpg\" alt=\"Espagne, ifs\" width=\"150\" height=\"220\" \/><span class=\"su-custom-gallery-title\">Espagne, ifs<\/span><\/a><\/div><div class=\"su-custom-gallery-slide\"><a href=\"http:\/\/jacquesreverchon.fr\/wp-content\/uploads\/F-Nu-assis-au-chignon.jpg\" title=\"F Nu assis au chignon\"><img loading=\"lazy\" decoding=\"async\" src=\"http:\/\/jacquesreverchon.fr\/wp-content\/uploads\/F-Nu-assis-au-chignon-150x220.jpg\" alt=\"F Nu assis au chignon\" width=\"150\" height=\"220\" \/><span class=\"su-custom-gallery-title\">F Nu assis au chignon<\/span><\/a><\/div><div class=\"su-custom-gallery-slide\"><a href=\"http:\/\/jacquesreverchon.fr\/wp-content\/uploads\/F-Nu-aux-yeux-bleus-de-face.jpg\" title=\"F Nu aux yeux bleus de face\"><img loading=\"lazy\" decoding=\"async\" src=\"http:\/\/jacquesreverchon.fr\/wp-content\/uploads\/F-Nu-aux-yeux-bleus-de-face-150x220.jpg\" alt=\"F Nu aux yeux bleus de face\" width=\"150\" height=\"220\" \/><span class=\"su-custom-gallery-title\">F Nu aux yeux bleus de face<\/span><\/a><\/div><div class=\"su-custom-gallery-slide\"><a href=\"http:\/\/jacquesreverchon.fr\/wp-content\/uploads\/F-Nu-\u00e0-la-t\u00eate-baiss\u00e9e.jpg\" title=\"F Nu \u00e0 la t\u00eate baiss\u00e9e\"><img loading=\"lazy\" decoding=\"async\" src=\"http:\/\/jacquesreverchon.fr\/wp-content\/uploads\/F-Nu-\u00e0-la-t\u00eate-baiss\u00e9e-150x220.jpg\" alt=\"F Nu \u00e0 la t\u00eate baiss\u00e9e\" width=\"150\" height=\"220\" \/><span class=\"su-custom-gallery-title\">F Nu \u00e0 la t\u00eate baiss\u00e9e<\/span><\/a><\/div><div class=\"su-custom-gallery-slide\"><a href=\"http:\/\/jacquesreverchon.fr\/wp-content\/uploads\/Femme-attabl\u00e9e.jpg\" title=\"Femme attabl\u00e9e\"><img loading=\"lazy\" decoding=\"async\" src=\"http:\/\/jacquesreverchon.fr\/wp-content\/uploads\/Femme-attabl\u00e9e-150x220.jpg\" alt=\"Femme attabl\u00e9e\" width=\"150\" height=\"220\" \/><span class=\"su-custom-gallery-title\">Femme attabl\u00e9e<\/span><\/a><\/div><div class=\"su-custom-gallery-slide\"><a href=\"http:\/\/jacquesreverchon.fr\/wp-content\/uploads\/Femme-au-Time.jpg\" title=\"Femme au Time\"><img loading=\"lazy\" decoding=\"async\" src=\"http:\/\/jacquesreverchon.fr\/wp-content\/uploads\/Femme-au-Time-150x220.jpg\" alt=\"Femme au Time\" width=\"150\" height=\"220\" \/><span class=\"su-custom-gallery-title\">Femme au Time<\/span><\/a><\/div><div class=\"su-custom-gallery-slide\"><a href=\"http:\/\/jacquesreverchon.fr\/wp-content\/uploads\/Femme-aux-perles.jpg\" title=\"Femme aux perles\"><img loading=\"lazy\" decoding=\"async\" src=\"http:\/\/jacquesreverchon.fr\/wp-content\/uploads\/Femme-aux-perles-150x220.jpg\" alt=\"Femme aux perles\" width=\"150\" height=\"220\" \/><span class=\"su-custom-gallery-title\">Femme aux perles<\/span><\/a><\/div><div class=\"su-custom-gallery-slide\"><a href=\"http:\/\/jacquesreverchon.fr\/wp-content\/uploads\/Femme-en-pointill\u00e9-dernier-tableau.jpg\" title=\"Femme en pointill\u00e9 (dernier tableau)\"><img loading=\"lazy\" decoding=\"async\" src=\"http:\/\/jacquesreverchon.fr\/wp-content\/uploads\/Femme-en-pointill\u00e9-dernier-tableau-150x220.jpg\" alt=\"Femme en pointill\u00e9 (dernier tableau)\" width=\"150\" height=\"220\" \/><span class=\"su-custom-gallery-title\">Femme en pointill\u00e9 (dernier tableau)<\/span><\/a><\/div><div class=\"su-custom-gallery-slide\"><a href=\"http:\/\/jacquesreverchon.fr\/wp-content\/uploads\/Flandres-route-enneig\u00e9e.jpg\" title=\"Flandres, route enneig\u00e9e\"><img loading=\"lazy\" decoding=\"async\" src=\"http:\/\/jacquesreverchon.fr\/wp-content\/uploads\/Flandres-route-enneig\u00e9e-150x220.jpg\" alt=\"Flandres, route enneig\u00e9e\" width=\"150\" height=\"220\" \/><span class=\"su-custom-gallery-title\">Flandres, route enneig\u00e9e<\/span><\/a><\/div><div class=\"su-custom-gallery-slide\"><a href=\"http:\/\/jacquesreverchon.fr\/wp-content\/uploads\/NM-Bouquet-de-roses-rouges.jpg\" title=\"NM Bouquet de roses rouges\"><img loading=\"lazy\" decoding=\"async\" src=\"http:\/\/jacquesreverchon.fr\/wp-content\/uploads\/NM-Bouquet-de-roses-rouges-150x220.jpg\" alt=\"NM Bouquet de roses rouges\" width=\"150\" height=\"220\" \/><span class=\"su-custom-gallery-title\">NM Bouquet de roses rouges<\/span><\/a><\/div><div class=\"su-custom-gallery-slide\"><a href=\"http:\/\/jacquesreverchon.fr\/wp-content\/uploads\/NM-Les-fleurs-de-Valpena.jpg\" title=\"NM Les fleurs de Valpena\"><img loading=\"lazy\" decoding=\"async\" src=\"http:\/\/jacquesreverchon.fr\/wp-content\/uploads\/NM-Les-fleurs-de-Valpena-150x220.jpg\" alt=\"NM Les fleurs de Valpena\" width=\"150\" height=\"220\" \/><span class=\"su-custom-gallery-title\">NM Les fleurs de Valpena<\/span><\/a><\/div><div class=\"su-custom-gallery-slide\"><a href=\"http:\/\/jacquesreverchon.fr\/wp-content\/uploads\/NM-aux-quatre-pommes.jpg\" title=\"NM aux quatre pommes\"><img loading=\"lazy\" decoding=\"async\" src=\"http:\/\/jacquesreverchon.fr\/wp-content\/uploads\/NM-aux-quatre-pommes-150x220.jpg\" alt=\"NM aux quatre pommes\" width=\"150\" height=\"220\" \/><span class=\"su-custom-gallery-title\">NM aux quatre pommes<\/span><\/a><\/div><div class=\"su-custom-gallery-slide\"><a href=\"http:\/\/jacquesreverchon.fr\/wp-content\/uploads\/NM-aux-trois-carafes.jpg\" title=\"NM aux trois carafes\"><img loading=\"lazy\" decoding=\"async\" src=\"http:\/\/jacquesreverchon.fr\/wp-content\/uploads\/NM-aux-trois-carafes-150x220.jpg\" alt=\"NM aux trois carafes\" width=\"150\" height=\"220\" \/><span class=\"su-custom-gallery-title\">NM aux trois carafes<\/span><\/a><\/div><div class=\"su-custom-gallery-slide\"><a href=\"http:\/\/jacquesreverchon.fr\/wp-content\/uploads\/Paris-Pont.jpg\" title=\"Paris, Pont\"><img loading=\"lazy\" decoding=\"async\" src=\"http:\/\/jacquesreverchon.fr\/wp-content\/uploads\/Paris-Pont-150x220.jpg\" alt=\"Paris, Pont\" width=\"150\" height=\"220\" \/><span class=\"su-custom-gallery-title\">Paris, Pont<\/span><\/a><\/div><div class=\"su-custom-gallery-slide\"><a href=\"http:\/\/jacquesreverchon.fr\/wp-content\/uploads\/Paris-lIle-St-Louis-vu-de-lile-de-la-Cit\u00e9.jpg\" title=\"Paris, l&#8217;Ile St Louis vu de l&#8217;ile de la Cit\u00e9\"><img loading=\"lazy\" decoding=\"async\" src=\"http:\/\/jacquesreverchon.fr\/wp-content\/uploads\/Paris-lIle-St-Louis-vu-de-lile-de-la-Cit\u00e9-150x220.jpg\" alt=\"Paris, l&#8217;Ile St Louis vu de l&#8217;ile de la Cit\u00e9\" width=\"150\" height=\"220\" \/><span class=\"su-custom-gallery-title\">Paris, l&#8217;Ile St Louis vu de l&#8217;ile de la Cit\u00e9<\/span><\/a><\/div><div class=\"su-custom-gallery-slide\"><a href=\"http:\/\/jacquesreverchon.fr\/wp-content\/uploads\/Paris-vue-du-6-Marie-Davy.jpg\" title=\"Paris, vue du 6 Marie Davy\"><img loading=\"lazy\" decoding=\"async\" src=\"http:\/\/jacquesreverchon.fr\/wp-content\/uploads\/Paris-vue-du-6-Marie-Davy-150x220.jpg\" alt=\"Paris, vue du 6 Marie Davy\" width=\"150\" height=\"220\" \/><span class=\"su-custom-gallery-title\">Paris, vue du 6 Marie Davy<\/span><\/a><\/div><div class=\"su-custom-gallery-slide\"><a href=\"http:\/\/jacquesreverchon.fr\/wp-content\/uploads\/Portait-dhomme-\u00e0-table.jpg\" title=\"Portait d&#8217;homme \u00e0 table\"><img loading=\"lazy\" decoding=\"async\" src=\"http:\/\/jacquesreverchon.fr\/wp-content\/uploads\/Portait-dhomme-\u00e0-table-150x220.jpg\" alt=\"Portait d&#8217;homme \u00e0 table\" width=\"150\" height=\"220\" \/><span class=\"su-custom-gallery-title\">Portait d&#8217;homme \u00e0 table<\/span><\/a><\/div><div class=\"su-custom-gallery-slide\"><a href=\"http:\/\/jacquesreverchon.fr\/wp-content\/uploads\/Portrait-dErnest.jpg\" title=\"Portrait d&#8217;Ernest\"><img loading=\"lazy\" decoding=\"async\" src=\"http:\/\/jacquesreverchon.fr\/wp-content\/uploads\/Portrait-dErnest-150x220.jpg\" alt=\"Portrait d&#8217;Ernest\" width=\"150\" height=\"220\" \/><span class=\"su-custom-gallery-title\">Portrait d&#8217;Ernest<\/span><\/a><\/div><div class=\"su-custom-gallery-slide\"><a href=\"http:\/\/jacquesreverchon.fr\/wp-content\/uploads\/Portrait-de-gar\u00e7on.jpg\" title=\"Portrait de gar\u00e7on\"><img loading=\"lazy\" decoding=\"async\" src=\"http:\/\/jacquesreverchon.fr\/wp-content\/uploads\/Portrait-de-gar\u00e7on-150x220.jpg\" alt=\"Portrait de gar\u00e7on\" width=\"150\" height=\"220\" \/><span class=\"su-custom-gallery-title\">Portrait de gar\u00e7on<\/span><\/a><\/div><div class=\"su-custom-gallery-slide\"><a href=\"http:\/\/jacquesreverchon.fr\/wp-content\/uploads\/Saint-Tropez-vu-den-haut.jpg\" title=\"Saint Tropez vu d&#8217;en-haut\"><img loading=\"lazy\" decoding=\"async\" src=\"http:\/\/jacquesreverchon.fr\/wp-content\/uploads\/Saint-Tropez-vu-den-haut-150x220.jpg\" alt=\"Saint Tropez vu d&#8217;en-haut\" width=\"150\" height=\"220\" \/><span class=\"su-custom-gallery-title\">Saint Tropez vu d&#8217;en-haut<\/span><\/a><\/div><div class=\"su-clear\"><\/div><\/div>\n<p style=\"text-align: justify;\"><div class=\"su-custom-gallery su-custom-gallery-title-always\"><div class=\"su-custom-gallery-slide\"><a href=\"http:\/\/jacquesreverchon.fr\/wp-content\/uploads\/Espagne-Corrida-3.jpg\" title=\"Espagne, Corrida 3\"><img loading=\"lazy\" decoding=\"async\" src=\"http:\/\/jacquesreverchon.fr\/wp-content\/uploads\/Espagne-Corrida-3-200x150.jpg\" alt=\"Espagne, Corrida 3\" width=\"200\" height=\"150\" \/><span class=\"su-custom-gallery-title\">Espagne, Corrida 3<\/span><\/a><\/div><div class=\"su-custom-gallery-slide\"><a href=\"http:\/\/jacquesreverchon.fr\/wp-content\/uploads\/Espagne-Deux-trios.jpg\" title=\"Espagne, Deux trios\"><img loading=\"lazy\" decoding=\"async\" src=\"http:\/\/jacquesreverchon.fr\/wp-content\/uploads\/Espagne-Deux-trios-200x150.jpg\" alt=\"Espagne, Deux trios\" width=\"200\" height=\"150\" \/><span class=\"su-custom-gallery-title\">Espagne, Deux trios<\/span><\/a><\/div><div class=\"su-custom-gallery-slide\"><a href=\"http:\/\/jacquesreverchon.fr\/wp-content\/uploads\/Espagne-San-Moral\u00e8s-27-de-Julio.jpg\" title=\"Espagne, San Moral\u00e8s 27 de Julio\"><img loading=\"lazy\" decoding=\"async\" src=\"http:\/\/jacquesreverchon.fr\/wp-content\/uploads\/Espagne-San-Moral\u00e8s-27-de-Julio-200x150.jpg\" alt=\"Espagne, San Moral\u00e8s 27 de Julio\" width=\"200\" height=\"150\" \/><span class=\"su-custom-gallery-title\">Espagne, San Moral\u00e8s 27 de Julio<\/span><\/a><\/div><div class=\"su-custom-gallery-slide\"><a href=\"http:\/\/jacquesreverchon.fr\/wp-content\/uploads\/Espagne-Village-et-Eglise-sous-le-soleil.jpg\" title=\"Espagne, Village et Eglise sous le soleil\"><img loading=\"lazy\" decoding=\"async\" src=\"http:\/\/jacquesreverchon.fr\/wp-content\/uploads\/Espagne-Village-et-Eglise-sous-le-soleil-200x150.jpg\" alt=\"Espagne, Village et Eglise sous le soleil\" width=\"200\" height=\"150\" \/><span class=\"su-custom-gallery-title\">Espagne, Village et Eglise sous le soleil<\/span><\/a><\/div><div class=\"su-custom-gallery-slide\"><a href=\"http:\/\/jacquesreverchon.fr\/wp-content\/uploads\/2019\/07\/Espagne-Village-rue-2.jpg\" title=\"Espagne, Village, rue 2\"><img loading=\"lazy\" decoding=\"async\" src=\"http:\/\/jacquesreverchon.fr\/wp-content\/uploads\/2019\/07\/Espagne-Village-rue-2-200x150.jpg\" alt=\"Espagne, Village, rue 2\" width=\"200\" height=\"150\" \/><span class=\"su-custom-gallery-title\">Espagne, Village, rue 2<\/span><\/a><\/div><div class=\"su-custom-gallery-slide\"><a href=\"http:\/\/jacquesreverchon.fr\/wp-content\/uploads\/Espagne-ferme-au-soleil.jpg\" title=\"Espagne, ferme au soleil\"><img loading=\"lazy\" decoding=\"async\" src=\"http:\/\/jacquesreverchon.fr\/wp-content\/uploads\/Espagne-ferme-au-soleil-200x150.jpg\" alt=\"Espagne, ferme au soleil\" width=\"200\" height=\"150\" \/><span class=\"su-custom-gallery-title\">Espagne, ferme au soleil<\/span><\/a><\/div><div class=\"su-custom-gallery-slide\"><a href=\"http:\/\/jacquesreverchon.fr\/wp-content\/uploads\/Espagne-oliviers-dans-la-vall\u00e9e.jpg\" title=\"Espagne, oliviers dans la vall\u00e9e\"><img loading=\"lazy\" decoding=\"async\" src=\"http:\/\/jacquesreverchon.fr\/wp-content\/uploads\/Espagne-oliviers-dans-la-vall\u00e9e-200x150.jpg\" alt=\"Espagne, oliviers dans la vall\u00e9e\" width=\"200\" height=\"150\" \/><span class=\"su-custom-gallery-title\">Espagne, oliviers dans la vall\u00e9e<\/span><\/a><\/div><div class=\"su-custom-gallery-slide\"><a href=\"http:\/\/jacquesreverchon.fr\/wp-content\/uploads\/F-Nu-allong\u00e9-de-dos.jpg\" title=\"F Nu allong\u00e9 de dos\"><img loading=\"lazy\" decoding=\"async\" src=\"http:\/\/jacquesreverchon.fr\/wp-content\/uploads\/F-Nu-allong\u00e9-de-dos-200x150.jpg\" alt=\"F Nu allong\u00e9 de dos\" width=\"200\" height=\"150\" \/><span class=\"su-custom-gallery-title\">F Nu allong\u00e9 de dos<\/span><\/a><\/div><div class=\"su-custom-gallery-slide\"><a href=\"http:\/\/jacquesreverchon.fr\/wp-content\/uploads\/Flandres-canal-enneig\u00e9-1.jpg\" title=\"Flandres, canal enneig\u00e9\"><img loading=\"lazy\" decoding=\"async\" src=\"http:\/\/jacquesreverchon.fr\/wp-content\/uploads\/Flandres-canal-enneig\u00e9-1-200x150.jpg\" alt=\"Flandres, canal enneig\u00e9\" width=\"200\" height=\"150\" \/><span class=\"su-custom-gallery-title\">Flandres, canal enneig\u00e9<\/span><\/a><\/div><div class=\"su-custom-gallery-slide\"><a href=\"http:\/\/jacquesreverchon.fr\/wp-content\/uploads\/NM-aux-couleurs-vives.jpg\" title=\"NM aux couleurs vives\"><img loading=\"lazy\" decoding=\"async\" src=\"http:\/\/jacquesreverchon.fr\/wp-content\/uploads\/NM-aux-couleurs-vives-200x150.jpg\" alt=\"NM aux couleurs vives\" width=\"200\" height=\"150\" \/><span class=\"su-custom-gallery-title\">NM aux couleurs vives<\/span><\/a><\/div><div class=\"su-custom-gallery-slide\"><a href=\"http:\/\/jacquesreverchon.fr\/wp-content\/uploads\/NM-\u00e0-la-soupi\u00e8re.jpg\" title=\"NM \u00e0 la soupi\u00e8re\"><img loading=\"lazy\" decoding=\"async\" src=\"http:\/\/jacquesreverchon.fr\/wp-content\/uploads\/NM-\u00e0-la-soupi\u00e8re-200x150.jpg\" alt=\"NM \u00e0 la soupi\u00e8re\" width=\"200\" height=\"150\" \/><span class=\"su-custom-gallery-title\">NM \u00e0 la soupi\u00e8re<\/span><\/a><\/div><div class=\"su-custom-gallery-slide\"><a href=\"http:\/\/jacquesreverchon.fr\/wp-content\/uploads\/Norv\u00e8ge-hytter-au-bord-de-leau.jpg\" title=\"Norv\u00e8ge, hytter au bord de l&#8217;eau\"><img loading=\"lazy\" decoding=\"async\" src=\"http:\/\/jacquesreverchon.fr\/wp-content\/uploads\/Norv\u00e8ge-hytter-au-bord-de-leau-200x150.jpg\" alt=\"Norv\u00e8ge, hytter au bord de l&#8217;eau\" width=\"200\" height=\"150\" \/><span class=\"su-custom-gallery-title\">Norv\u00e8ge, hytter au bord de l&#8217;eau<\/span><\/a><\/div><div class=\"su-custom-gallery-slide\"><a href=\"http:\/\/jacquesreverchon.fr\/wp-content\/uploads\/Saint-Tropez-chapelle-et-arbres.jpg\" title=\"Saint Tropez chapelle et arbres\"><img loading=\"lazy\" decoding=\"async\" src=\"http:\/\/jacquesreverchon.fr\/wp-content\/uploads\/Saint-Tropez-chapelle-et-arbres-200x150.jpg\" alt=\"Saint Tropez chapelle et arbres\" width=\"200\" height=\"150\" \/><span class=\"su-custom-gallery-title\">Saint Tropez chapelle et arbres<\/span><\/a><\/div><div class=\"su-clear\"><\/div><\/div>\n","protected":false},"excerpt":{"rendered":"<p>Jacques Reverchon a peint de nombreuses natures mortes, des paysages et des portraits<\/p>\n","protected":false},"author":1,"featured_media":0,"parent":27,"menu_order":33,"comment_status":"closed","ping_status":"closed","template":"","meta":{"footnotes":""},"class_list":["post-123","page","type-page","status-publish","hentry"],"_links":{"self":[{"href":"http:\/\/jacquesreverchon.fr\/index.php\/wp-json\/wp\/v2\/pages\/123","targetHints":{"allow":["GET"]}}],"collection":[{"href":"http:\/\/jacquesreverchon.fr\/index.php\/wp-json\/wp\/v2\/pages"}],"about":[{"href":"http:\/\/jacquesreverchon.fr\/index.php\/wp-json\/wp\/v2\/types\/page"}],"author":[{"embeddable":true,"href":"http:\/\/jacquesreverchon.fr\/index.php\/wp-json\/wp\/v2\/users\/1"}],"replies":[{"embeddable":true,"href":"http:\/\/jacquesreverchon.fr\/index.php\/wp-json\/wp\/v2\/comments?post=123"}],"version-history":[{"count":5,"href":"http:\/\/jacquesreverchon.fr\/index.php\/wp-json\/wp\/v2\/pages\/123\/revisions"}],"predecessor-version":[{"id":405,"href":"http:\/\/jacquesreverchon.fr\/index.php\/wp-json\/wp\/v2\/pages\/123\/revisions\/405"}],"up":[{"embeddable":true,"href":"http:\/\/jacquesreverchon.fr\/index.php\/wp-json\/wp\/v2\/pages\/27"}],"wp:attachment":[{"href":"http:\/\/jacquesreverchon.fr\/index.php\/wp-json\/wp\/v2\/media?parent=123"}],"curies":[{"name":"wp","href":"https:\/\/api.w.org\/{rel}","templated":true}]}}