{"id":153,"date":"2019-07-08T18:43:22","date_gmt":"2019-07-08T16:43:22","guid":{"rendered":"http:\/\/jacquesreverchon.fr\/?page_id=153"},"modified":"2019-07-08T18:48:39","modified_gmt":"2019-07-08T16:48:39","slug":"le-livre-detail","status":"publish","type":"page","link":"https:\/\/jacquesreverchon.fr\/index.php\/le-livre\/le-livre-detail\/","title":{"rendered":"Le Livre"},"content":{"rendered":"<div class=\"su-row\">\n<div class=\"su-column su-column-size-2-3\"><div class=\"su-column-inner su-u-clearfix su-u-trim\">\n<h2 style=\"text-align: center;\"><strong>PREFACE<\/strong><\/h2>\n<p style=\"text-align: justify;\">Oncle Jacques, le cousin Jacques, Jacques le peintre, tels \u00e9taient les noms donn\u00e9s par les membres de sa famille \u00e0 Jacques Reverchon qui a quitt\u00e9 ce monde bien trop t\u00f4t. Nous pensons souvent \u00e0 lui car les murs de nos maisons sont tapiss\u00e9s de ses \u0153uvres et, parfois, de lointains souvenirs nous reviennent.<\/p>\n<p style=\"text-align: justify;\">Pour le neveu que j\u2019\u00e9tais, qui avait 15 ans l\u2019ann\u00e9e de sa disparition, il restera l\u2019oncle myst\u00e9rieux que nous voyions de temps en temps le dimanche lors de notre visite dominicale chez nos grands-parents maternels, 6 rue Mari\u00e9-Davy.<\/p>\n<p style=\"text-align: justify;\">Le verrions-nous au d\u00e9jeuner ? Nous emm\u00e8nerait-t-il dans sa chambre et nous peindrait-t-il un tableau ? C\u2019\u00e9taient les questions que je me posais au cours du trajet aller. Car, effectivement, quand il \u00e9tait l\u00e0, il nous appelait un par un et nous faisait entrer dans sa chambre, pour nous parler de nos \u00e9tudes, de nos activit\u00e9s et, parfois, il prenait son pinceau. Pour le jeune gar\u00e7on que j\u2019\u00e9tais, c\u2019\u00e9tait un \u00e9merveillement d\u2019entrer dans cette chambre-atelier en d\u00e9sordre, de voir toutes ces couleurs et de sentir l\u2019odeur de peinture. Et puis il y avait ces grandes discussions passionn\u00e9es au dessert sur des sujets que je ne comprenais pas encore.<\/p>\n<p style=\"text-align: justify;\">Chaque membre de la famille, chaque ami de Jacques poss\u00e8de obligatoirement un souvenir fort de ses rencontres avec cet homme \u00e0 la personnalit\u00e9 puissante et humaine.<br \/>\nC\u2019est la recherche de ces t\u00e9moignages, en parall\u00e8le de la d\u00e9couverte de la trajectoire de l\u2019artiste, qu\u2019Estelle Reverchon-Goutorbe, historienne d\u2019art et fille d\u2019un proche cousin de Jacques, a voulu entreprendre.<br \/>\nCe projet est rest\u00e9 longtemps enfoui dans son c\u0153ur et c\u2019est le d\u00e9m\u00e9nagement des oeuvres de la rue Mari\u00e9-Davy qui a d\u00e9clench\u00e9 chez Estelle le d\u00e9but de ses travaux. Pendant trois ann\u00e9es, elle a d\u00e9chiffr\u00e9 les archives familiales, \u00e9tudi\u00e9 les oeuvres et contact\u00e9 la famille et les amis de Jacques. Et elle s\u2019est rendue \u00e0 Madrid et \u00e0 Tourcoing sur les lieux o\u00f9 Jacques a s\u00e9journ\u00e9 et s\u2019est aussi initi\u00e9e \u00e0 la gravure pour comprendre toutes les facettes d&#8217;un art complexe dans l&#8217;ensemble de ses proc\u00e9d\u00e9s.<br \/>\nEstelle nous restitue dans ce beau livre, avec toute sa sensibilit\u00e9 et son admiration, le r\u00e9sultat de son profond labeur afin de nous faire conna\u00eetre l\u2019homme et l\u2019artiste qu\u2019a \u00e9t\u00e9 Jacques Reverchon.<br \/>\nAu nom de toute notre grande famille, je la remercie tr\u00e8s chaleureusement.<\/p>\n<p style=\"text-align: justify;\">Christophe Brackman<br \/>\nPr\u00e9sident de l\u2019association \u00ab Les amis de Jacques Reverchon \u00bb<\/p>\n<\/div><\/div>\n<div class=\"su-column su-column-size-1-3\"><div class=\"su-column-inner su-u-clearfix su-u-trim\"><img loading=\"lazy\" decoding=\"async\" class=\"aligncenter size-medium wp-image-93\" src=\"http:\/\/jacquesreverchon.fr\/wp-content\/uploads\/2019\/07\/couverture-livre-244x300.jpg\" alt=\"\" width=\"244\" height=\"300\" srcset=\"https:\/\/jacquesreverchon.fr\/wp-content\/uploads\/2019\/07\/couverture-livre-244x300.jpg 244w, https:\/\/jacquesreverchon.fr\/wp-content\/uploads\/2019\/07\/couverture-livre.jpg 256w\" sizes=\"auto, (max-width: 244px) 100vw, 244px\" \/><\/p>\n<\/div><\/div>\n<\/div>\n<p>&nbsp;<\/p>\n","protected":false},"excerpt":{"rendered":"<p>&nbsp;<\/p>\n","protected":false},"author":1,"featured_media":0,"parent":24,"menu_order":41,"comment_status":"closed","ping_status":"closed","template":"","meta":{"footnotes":""},"class_list":["post-153","page","type-page","status-publish","hentry"],"_links":{"self":[{"href":"https:\/\/jacquesreverchon.fr\/index.php\/wp-json\/wp\/v2\/pages\/153","targetHints":{"allow":["GET"]}}],"collection":[{"href":"https:\/\/jacquesreverchon.fr\/index.php\/wp-json\/wp\/v2\/pages"}],"about":[{"href":"https:\/\/jacquesreverchon.fr\/index.php\/wp-json\/wp\/v2\/types\/page"}],"author":[{"embeddable":true,"href":"https:\/\/jacquesreverchon.fr\/index.php\/wp-json\/wp\/v2\/users\/1"}],"replies":[{"embeddable":true,"href":"https:\/\/jacquesreverchon.fr\/index.php\/wp-json\/wp\/v2\/comments?post=153"}],"version-history":[{"count":5,"href":"https:\/\/jacquesreverchon.fr\/index.php\/wp-json\/wp\/v2\/pages\/153\/revisions"}],"predecessor-version":[{"id":161,"href":"https:\/\/jacquesreverchon.fr\/index.php\/wp-json\/wp\/v2\/pages\/153\/revisions\/161"}],"up":[{"embeddable":true,"href":"https:\/\/jacquesreverchon.fr\/index.php\/wp-json\/wp\/v2\/pages\/24"}],"wp:attachment":[{"href":"https:\/\/jacquesreverchon.fr\/index.php\/wp-json\/wp\/v2\/media?parent=153"}],"curies":[{"name":"wp","href":"https:\/\/api.w.org\/{rel}","templated":true}]}}