{"id":170,"date":"2019-07-08T19:11:00","date_gmt":"2019-07-08T17:11:00","guid":{"rendered":"http:\/\/jacquesreverchon.fr\/?page_id=170"},"modified":"2019-07-08T19:20:15","modified_gmt":"2019-07-08T17:20:15","slug":"lartiste-detail-3","status":"publish","type":"page","link":"https:\/\/jacquesreverchon.fr\/index.php\/lartiste\/lartiste-detail-3\/","title":{"rendered":"L&#8217;artiste &#8211; Biographie 3"},"content":{"rendered":"<div class=\"su-row\">\n<div class=\"su-column su-column-size-2-3\"><div class=\"su-column-inner su-u-clearfix su-u-trim\">\n<p style=\"text-align: justify;\">En automne 1957, Jacques Reverchon regagne Paris, deux postes de professeur de dessin en coll\u00e8ge l\u2019attendent. Et tout en continuant la gravure, son m\u00e9tier, il va revenir \u00e0 sa vocation premi\u00e8re, celle de peintre, en d\u00e9veloppant la technique de l\u2019aquarelle. Paris et la Seine, deviennent un vaste terrain d\u2019observation et de jeu pour le pinceau. C\u2019est \u00ab l\u2019explosion de la couleur \u00bb. Il va d\u00e9sormais affirmer son talent de peintre sur les murs des galeries et le th\u00e8me du paysage va occuper une place grandissante dans son \u0153uvre.<br \/>\nEn 1962, Jacques r\u00e9ussit un concours et est nomm\u00e9 professeur de dessin \u00e0 l\u2019\u00c9cole Sup\u00e9rieure des Beaux-arts de Tourcoing. Il fonde le premier atelier de gravure de l\u2019\u00c9cole et fait des \u00e9mules parmi ses \u00e9l\u00e8ves. En Flandres, il d\u00e9couvrira des paysages faits pour la gravure, tout comme littoral normand, la mer du Nord sont faits pour l\u2019aquarelle. D\u00e8s qu\u2019il le peut \u2013 quelques heures ou quelques jours \u2014, du plus au Nord de l\u2019Europe jusqu\u2019\u00e0 son extr\u00eame Sud, il part peindre d&#8217;apr\u00e8s nature. Diff\u00e9rents styles cohabitent dans son travail d\u2019aquarelliste. Si Jacques Reverchon semble avoir affirm\u00e9 son style en gravure, il se laisse une libert\u00e9 de recherche en peinture, de l\u2019aquarelle la plus \u00ab classique, sage \u00bb \u00e0 l\u2019abstraction, de la transparence de la touche \u00e0 la saturation des tons par l\u2019emploi de la gouache1.<br \/>\nLe midi et le nord alternent dans les aquarelles d\u2019un style large, tr\u00e8s direct et vigoureux, pr\u00e9sent\u00e9es par Reverchon \u00e0 la Galerie Bernier. Une atmosph\u00e8re de simplicit\u00e9, solitaire et stagnante, donne \u00e0 ces paysages, fortement rythm\u00e9es, un accent de v\u00e9rit\u00e9 tr\u00e8s prenant \u00e9crit Raymond Charmet dans le Nouveau Journal. En 1962, sur l\u2019Ile de la Cit\u00e9, la Galerie du Pont-Neuf expose ses aquarelles. Et la revue Arts lui consacre un article : \u00ab Reverchon, Une vision saine \u00bb :<br \/>\n\u00ab Dans ses aquarelles largement trait\u00e9es, Jacques Reverchon sait restituer un climat, une atmosph\u00e8re, la palpitation joyeuse et les reflets aquatiques, les m\u00e2tures et les rythmes d\u2019un port (Honfleur), les lentes lev\u00e9es de terre d\u2019un paysage automnal ou, nettement sertie, la distribution des \u00e9l\u00e9ments d\u2019une nature morte. Intelligentes en leur construction, leur \u00e9laboration, ces aquarelles sont le fait d\u2019une vision saine et po\u00e9tique de la r\u00e9alit\u00e9. Un jeune peintre qui promet beaucoup. \u00bb<br \/>\n\u2014 J.J.L<br \/>\nLes derni\u00e8res ann\u00e9es de sa vie, en pleine possession de son \u00ab m\u00e9tier de graveur \u00bb et peintre, et soutenu par des galeristes, Jacques Reverchon creuse de nouvelles mani\u00e8res de s\u2019exprimer \u00e0 travers la lithographie et peinture \u00e0 l&#8217;huile.<br \/>\nMais il meurt brutalement le 21 mai 1968 \u00e0 Tourcoing et quelques toiles, essentiellement des natures mortes, seront d\u00e9voil\u00e9es lors d\u2019une r\u00e9trospective en 1971.<br \/>\nLe d\u00e9partement des estampes et de la photographie de la Biblioth\u00e8que nationale de France \u00e0 Paris conserve une grande partie de son \u0153uvre grav\u00e9 (257 gravures).<br \/>\nN\u00e9 dans le creuset de l&#8217;\u00c9cole de Paris son \u0153uvre a m\u00fbri au fil de ses voyages, du Sud au Nord. Les th\u00e8mes abord\u00e9s sont : chevaux, cirque, corrida, flamenco, danse, musique, nu, portrait, paysage, nature morte<\/p>\n<p style=\"text-align: center;\"><a href=\"http:\/\/jacquesreverchon.fr\/index.php\/lartiste\/lartiste-detail-2\/\">&lt;&lt; Page pr\u00e9c\u00e9dente<\/a><\/p>\n<\/div><\/div>\n<div class=\"su-column su-column-size-1-3\"><div class=\"su-column-inner su-u-clearfix su-u-trim\"><img loading=\"lazy\" decoding=\"async\" class=\"aligncenter size-medium wp-image-93\" src=\"http:\/\/jacquesreverchon.fr\/wp-content\/uploads\/2019\/07\/couverture-livre-244x300.jpg\" alt=\"\" width=\"244\" height=\"300\" srcset=\"https:\/\/jacquesreverchon.fr\/wp-content\/uploads\/2019\/07\/couverture-livre-244x300.jpg 244w, https:\/\/jacquesreverchon.fr\/wp-content\/uploads\/2019\/07\/couverture-livre.jpg 256w\" sizes=\"auto, (max-width: 244px) 100vw, 244px\" \/><\/p>\n<\/div><\/div>\n<\/div>\n<p>&nbsp;<\/p>\n","protected":false},"excerpt":{"rendered":"<p>&nbsp;<\/p>\n","protected":false},"author":1,"featured_media":0,"parent":22,"menu_order":23,"comment_status":"closed","ping_status":"closed","template":"","meta":{"footnotes":""},"class_list":["post-170","page","type-page","status-publish","hentry"],"_links":{"self":[{"href":"https:\/\/jacquesreverchon.fr\/index.php\/wp-json\/wp\/v2\/pages\/170","targetHints":{"allow":["GET"]}}],"collection":[{"href":"https:\/\/jacquesreverchon.fr\/index.php\/wp-json\/wp\/v2\/pages"}],"about":[{"href":"https:\/\/jacquesreverchon.fr\/index.php\/wp-json\/wp\/v2\/types\/page"}],"author":[{"embeddable":true,"href":"https:\/\/jacquesreverchon.fr\/index.php\/wp-json\/wp\/v2\/users\/1"}],"replies":[{"embeddable":true,"href":"https:\/\/jacquesreverchon.fr\/index.php\/wp-json\/wp\/v2\/comments?post=170"}],"version-history":[{"count":5,"href":"https:\/\/jacquesreverchon.fr\/index.php\/wp-json\/wp\/v2\/pages\/170\/revisions"}],"predecessor-version":[{"id":188,"href":"https:\/\/jacquesreverchon.fr\/index.php\/wp-json\/wp\/v2\/pages\/170\/revisions\/188"}],"up":[{"embeddable":true,"href":"https:\/\/jacquesreverchon.fr\/index.php\/wp-json\/wp\/v2\/pages\/22"}],"wp:attachment":[{"href":"https:\/\/jacquesreverchon.fr\/index.php\/wp-json\/wp\/v2\/media?parent=170"}],"curies":[{"name":"wp","href":"https:\/\/api.w.org\/{rel}","templated":true}]}}