{"id":27,"date":"2019-07-08T14:33:04","date_gmt":"2019-07-08T12:33:04","guid":{"rendered":"http:\/\/jacquesreverchon.fr\/?page_id=27"},"modified":"2019-08-07T10:17:15","modified_gmt":"2019-08-07T08:17:15","slug":"loeuvre","status":"publish","type":"page","link":"https:\/\/jacquesreverchon.fr\/index.php\/loeuvre\/","title":{"rendered":"L&#8217;oeuvre"},"content":{"rendered":"<div class=\"su-row\">\n<div class=\"su-column su-column-size-1-3\"><div class=\"su-column-inner su-u-clearfix su-u-trim\">\n<h2 style=\"text-align: center;\"><a href=\"http:\/\/jacquesreverchon.fr\/index.php\/loeuvre\/aquarelles\/\"><strong>Aquarelles<\/strong><\/a><\/h2>\n<p><a href=\"http:\/\/jacquesreverchon.fr\/index.php\/loeuvre\/aquarelles\/\"><img loading=\"lazy\" decoding=\"async\" class=\"alignleft size-full wp-image-125\" src=\"http:\/\/jacquesreverchon.fr\/wp-content\/uploads\/2019\/07\/0199.jpg\" alt=\"\" width=\"343\" height=\"480\" srcset=\"https:\/\/jacquesreverchon.fr\/wp-content\/uploads\/2019\/07\/0199.jpg 343w, https:\/\/jacquesreverchon.fr\/wp-content\/uploads\/2019\/07\/0199-214x300.jpg 214w\" sizes=\"auto, (max-width: 343px) 100vw, 343px\" \/><\/a><\/p>\n<p style=\"text-align: justify;\">L\u2019aquarelle est pour Jacques Reverchon l\u2019occasion d\u2019une \u00ab explosion de couleurs \u00bb pour les paysages de France et d\u2019Espagne qu\u2019il traite avec originalit\u00e9 et des portraits des gens qu\u2019il rencontre. <a href=\"http:\/\/jacquesreverchon.fr\/index.php\/loeuvre\/aquarelles\/\">Lire la suite \u2026<\/a><\/p>\n<p>&nbsp;<\/p>\n<\/div><\/div>\n<div class=\"su-column su-column-size-1-3\"><div class=\"su-column-inner su-u-clearfix su-u-trim\">\n<h2 style=\"text-align: center;\"><a href=\"http:\/\/jacquesreverchon.fr\/index.php\/loeuvre\/gravures\/\"><strong>Gravures<\/strong><\/a><\/h2>\n<p><img loading=\"lazy\" decoding=\"async\" class=\"alignleft size-full wp-image-474\" src=\"http:\/\/jacquesreverchon.fr\/wp-content\/uploads\/Corrida-\u00e0-N\u00eemes.jpg\" alt=\"\" width=\"399\" height=\"600\" srcset=\"https:\/\/jacquesreverchon.fr\/wp-content\/uploads\/Corrida-\u00e0-N\u00eemes.jpg 399w, https:\/\/jacquesreverchon.fr\/wp-content\/uploads\/Corrida-\u00e0-N\u00eemes-200x300.jpg 200w\" sizes=\"auto, (max-width: 399px) 100vw, 399px\" \/><\/p>\n<p style=\"text-align: justify;\">L\u2019\u0153uvre grav\u00e9 est fortement inspir\u00e9 par l\u2019Espagne et Le Greco. Les th\u00e8mes principaux sont les sc\u00e8nes de la vie, la corrida, la danse que Jacques Reverchon exprime avec une grande force. <a href=\"http:\/\/jacquesreverchon.fr\/index.php\/loeuvre\/gravures\/\">Lire la suite \u2026<\/a><\/p>\n<\/div><\/div>\n<div class=\"su-column su-column-size-1-3\"><div class=\"su-column-inner su-u-clearfix su-u-trim\">\n<h2 style=\"text-align: center;\"><a href=\"http:\/\/jacquesreverchon.fr\/index.php\/loeuvre\/huiles\/\"><strong>Huiles<\/strong><\/a><\/h2>\n<p><img loading=\"lazy\" decoding=\"async\" class=\"alignleft size-full wp-image-393\" src=\"http:\/\/jacquesreverchon.fr\/wp-content\/uploads\/Flandres-route-enneig\u00e9e.jpg\" alt=\"\" width=\"482\" height=\"600\" srcset=\"https:\/\/jacquesreverchon.fr\/wp-content\/uploads\/Flandres-route-enneig\u00e9e.jpg 482w, https:\/\/jacquesreverchon.fr\/wp-content\/uploads\/Flandres-route-enneig\u00e9e-241x300.jpg 241w\" sizes=\"auto, (max-width: 482px) 100vw, 482px\" \/><\/p>\n<p style=\"text-align: justify;\">Jacques Reverchon a peint de nombreuses natures mortes, des paysages et des portraits. <a href=\"http:\/\/jacquesreverchon.fr\/index.php\/loeuvre\/huiles\/\">Lire la suite \u2026<\/a><\/p>\n<\/div><\/div>\n<\/div>\n","protected":false},"excerpt":{"rendered":"","protected":false},"author":1,"featured_media":0,"parent":0,"menu_order":30,"comment_status":"closed","ping_status":"closed","template":"","meta":{"footnotes":""},"class_list":["post-27","page","type-page","status-publish","hentry"],"_links":{"self":[{"href":"https:\/\/jacquesreverchon.fr\/index.php\/wp-json\/wp\/v2\/pages\/27","targetHints":{"allow":["GET"]}}],"collection":[{"href":"https:\/\/jacquesreverchon.fr\/index.php\/wp-json\/wp\/v2\/pages"}],"about":[{"href":"https:\/\/jacquesreverchon.fr\/index.php\/wp-json\/wp\/v2\/types\/page"}],"author":[{"embeddable":true,"href":"https:\/\/jacquesreverchon.fr\/index.php\/wp-json\/wp\/v2\/users\/1"}],"replies":[{"embeddable":true,"href":"https:\/\/jacquesreverchon.fr\/index.php\/wp-json\/wp\/v2\/comments?post=27"}],"version-history":[{"count":5,"href":"https:\/\/jacquesreverchon.fr\/index.php\/wp-json\/wp\/v2\/pages\/27\/revisions"}],"predecessor-version":[{"id":500,"href":"https:\/\/jacquesreverchon.fr\/index.php\/wp-json\/wp\/v2\/pages\/27\/revisions\/500"}],"wp:attachment":[{"href":"https:\/\/jacquesreverchon.fr\/index.php\/wp-json\/wp\/v2\/media?parent=27"}],"curies":[{"name":"wp","href":"https:\/\/api.w.org\/{rel}","templated":true}]}}