{"id":29,"date":"2019-07-08T14:33:19","date_gmt":"2019-07-08T12:33:19","guid":{"rendered":"http:\/\/jacquesreverchon.fr\/?page_id=29"},"modified":"2019-08-06T11:38:02","modified_gmt":"2019-08-06T09:38:02","slug":"lassociation","status":"publish","type":"page","link":"https:\/\/jacquesreverchon.fr\/index.php\/lassociation\/","title":{"rendered":"L&#8217;association"},"content":{"rendered":"<p>L\u2019association \u00ab\u00a0LES AMIS DE JACQUES REVERCHON\u00a0\u00bb\u00a0rassemble des personnes physiques ou morales attach\u00e9es \u00e0 promouvoir la m\u00e9moire et l\u2019\u0153uvre artistique de Jacques Reverchon (15 septembre 1927 \u2013 21 mai 1968), peintre, graveur et professeur de dessin et gravure.<\/p>\n<p>Elle est dirig\u00e9e par un conseil d&#8217;administration compos\u00e9 de quatre de ses neveux et ni\u00e8ces : Christophe Brackman, Gustave Brun-Lie, Philippe Reverchon et Estelle Reverchon-Goutorbe.<\/p>\n<p>Elle g\u00e8re le fonds d&#8217;atelier existant, organise des expositions et propose des donations \u00e0 des mus\u00e9es. La derni\u00e8re en date a \u00e9t\u00e9 r\u00e9alis\u00e9e en juillet 2019 \u00e0 l&#8217;intention du mus\u00e9e du dessin et de l&#8217;estampe originale de Gravelines sous la forme d&#8217;une vingtaine de gravures.<\/p>\n<p>Adresse de contact : asso.amisjr@gmail.com<\/p>\n<p>&nbsp;<\/p>\n","protected":false},"excerpt":{"rendered":"<p>L\u2019association \u00ab\u00a0LES AMIS DE JACQUES REVERCHON\u00a0\u00bb\u00a0rassemble des personnes physiques ou morales attach\u00e9es \u00e0 promouvoir la m\u00e9moire et l\u2019\u0153uvre artistique de Jacques Reverchon (15 septembre 1927 \u2013 21 mai 1968), peintre, graveur et professeur de dessin et gravure. Elle est dirig\u00e9e par un conseil d&#8217;administration compos\u00e9 de quatre de ses neveux et ni\u00e8ces : Christophe Brackman, [&hellip;]<\/p>\n","protected":false},"author":1,"featured_media":0,"parent":0,"menu_order":50,"comment_status":"closed","ping_status":"closed","template":"","meta":{"footnotes":""},"class_list":["post-29","page","type-page","status-publish","hentry"],"_links":{"self":[{"href":"https:\/\/jacquesreverchon.fr\/index.php\/wp-json\/wp\/v2\/pages\/29","targetHints":{"allow":["GET"]}}],"collection":[{"href":"https:\/\/jacquesreverchon.fr\/index.php\/wp-json\/wp\/v2\/pages"}],"about":[{"href":"https:\/\/jacquesreverchon.fr\/index.php\/wp-json\/wp\/v2\/types\/page"}],"author":[{"embeddable":true,"href":"https:\/\/jacquesreverchon.fr\/index.php\/wp-json\/wp\/v2\/users\/1"}],"replies":[{"embeddable":true,"href":"https:\/\/jacquesreverchon.fr\/index.php\/wp-json\/wp\/v2\/comments?post=29"}],"version-history":[{"count":5,"href":"https:\/\/jacquesreverchon.fr\/index.php\/wp-json\/wp\/v2\/pages\/29\/revisions"}],"predecessor-version":[{"id":414,"href":"https:\/\/jacquesreverchon.fr\/index.php\/wp-json\/wp\/v2\/pages\/29\/revisions\/414"}],"wp:attachment":[{"href":"https:\/\/jacquesreverchon.fr\/index.php\/wp-json\/wp\/v2\/media?parent=29"}],"curies":[{"name":"wp","href":"https:\/\/api.w.org\/{rel}","templated":true}]}}